{"id":50,"date":"2024-03-18T11:20:59","date_gmt":"2024-03-18T10:20:59","guid":{"rendered":"https:\/\/jademoulin.fr\/?page_id=50"},"modified":"2026-01-05T12:32:12","modified_gmt":"2026-01-05T11:32:12","slug":"a-propos","status":"publish","type":"page","link":"https:\/\/jademoulin.fr\/?page_id=50","title":{"rendered":"\u00e0 propos"},"content":{"rendered":"\n<p class=\"has-text-align-right has-small-font-size\"><\/p>\n\n\n\n<div class=\"wp-block-group alignwide has-base-2-background-color has-background has-global-padding is-layout-constrained wp-container-core-group-is-layout-2 wp-block-group-is-layout-constrained\" style=\"margin-top:0;margin-bottom:0;padding-top:var(--wp--preset--spacing--50);padding-right:var(--wp--preset--spacing--50);padding-bottom:var(--wp--preset--spacing--50);padding-left:var(--wp--preset--spacing--50)\">\n<div class=\"wp-block-columns alignwide is-layout-flex wp-container-core-columns-is-layout-3 wp-block-columns-is-layout-flex\">\n<div class=\"wp-block-column has-global-padding is-content-justification-left is-layout-constrained wp-container-core-column-is-layout-2 wp-block-column-is-layout-constrained\" style=\"flex-basis:40%\">\n<p style=\"font-size:0.6rem\"><\/p>\n\n\n\n<div class=\"wp-block-columns is-layout-flex wp-container-core-columns-is-layout-1 wp-block-columns-is-layout-flex\">\n<div class=\"wp-block-column is-layout-flow wp-block-column-is-layout-flow\" style=\"flex-basis:100%\">\n<figure class=\"wp-block-image size-full is-resized\"><img loading=\"lazy\" decoding=\"async\" width=\"1808\" height=\"2560\" src=\"https:\/\/jademoulin.fr\/wp-content\/uploads\/2024\/06\/DSCF4028_2-scaled.jpg\" alt=\"\" class=\"wp-image-310\" style=\"width:351px;height:auto\" srcset=\"https:\/\/jademoulin.fr\/wp-content\/uploads\/2024\/06\/DSCF4028_2-scaled.jpg 1808w, https:\/\/jademoulin.fr\/wp-content\/uploads\/2024\/06\/DSCF4028_2-212x300.jpg 212w, https:\/\/jademoulin.fr\/wp-content\/uploads\/2024\/06\/DSCF4028_2-723x1024.jpg 723w, https:\/\/jademoulin.fr\/wp-content\/uploads\/2024\/06\/DSCF4028_2-768x1087.jpg 768w, https:\/\/jademoulin.fr\/wp-content\/uploads\/2024\/06\/DSCF4028_2-1085x1536.jpg 1085w, https:\/\/jademoulin.fr\/wp-content\/uploads\/2024\/06\/DSCF4028_2-1447x2048.jpg 1447w\" sizes=\"(max-width: 1808px) 100vw, 1808px\" \/><\/figure>\n<\/div>\n<\/div>\n\n\n\n<p style=\"font-size:0.6rem\"><a href=\"mailto:jade.moulin@hotmail.fr\" target=\"_blank\" rel=\"noreferrer noopener\">jade.moulin@hotmail.fr<\/a><\/p>\n\n\n\n<p style=\"margin-top:0;margin-bottom:0;font-size:0.6rem\"><a href=\"https:\/\/www.instagram.com\/jade__moulin\/\" target=\"_blank\" rel=\"noreferrer noopener\">@jade__moulin<\/a><\/p>\n<\/div>\n\n\n\n<div class=\"wp-block-column is-layout-flow wp-container-core-column-is-layout-5 wp-block-column-is-layout-flow\" style=\"flex-basis:60%\">\n<div class=\"wp-block-columns is-layout-flex wp-container-core-columns-is-layout-2 wp-block-columns-is-layout-flex\">\n<div class=\"wp-block-column is-layout-flow wp-block-column-is-layout-flow\">\n<p style=\"font-size:0.8rem\">N\u00e9e en 1995, Jade Moulin est une artiste plasticienne dont le travail s\u2019attache \u00e0 donner \u00e0 voir les petits rien qui l\u2019environnent. Apr\u00e8s l\u2019obtention de son dipl\u00f4me \u00e0 l\u2019ESADHaR de Rouen en 2017, elle obtient la Bourse Arts Visuels de la ville de Rouen qui l\u2019emm\u00e8nera \u00e0 Cleveland, dans l\u2019Ohio. Elle y produit alors pendant plusieurs semaines une s\u00e9rie de photographies, qui fera l\u2019objet d\u2019une \u00e9dition, \u00e9manant de son quotidien sur place.&nbsp;<\/p>\n\n\n\n<p><\/p>\n\n\n\n<p><\/p>\n<\/div>\n\n\n\n<div class=\"wp-block-column is-layout-flow wp-block-column-is-layout-flow\">\n<p style=\"font-size:0.8rem\">Par ses photographies, peintures et sculptures, la plasticienne met en lumi\u00e8re ces instants anecdotiques du quotidien qui \u00e9chappent, par manque de consid\u00e9ration ou par simple habitude, \u00e0 notre perception. En d\u2019autres mots, l\u2019artiste, qui porte une attention toute particuli\u00e8re \u00e0 l\u2019anodin, l\u2019ordinaire et au quelconque, nous invite \u00e0 regarder avec sensibilit\u00e9 notre environnement.<\/p>\n\n\n\n<p style=\"font-size:0.8rem\">Le travail de la plasticienne a d\u2019ores et d\u00e9j\u00e0 donn\u00e9 lieu \u00e0 des expositions personnelles, ses travaux ont \u00e9galement \u00e9t\u00e9 pr\u00e9sent\u00e9s dans de multiples expositions collectives. L\u2019artiste a, de plus, r\u00e9alis\u00e9 plusieurs r\u00e9sidences artistiques en Normandie, en r\u00e9gion Hauts-de-France et au Maroc.&nbsp;<\/p>\n<\/div>\n<\/div>\n<\/div>\n<\/div>\n\n\n\n<div style=\"height:52px\" aria-hidden=\"true\" class=\"wp-block-spacer\"><\/div>\n\n\n\n<div class=\"wp-block-group alignfull has-global-padding is-layout-constrained wp-block-group-is-layout-constrained\">\n<div class=\"wp-block-columns alignwide is-layout-flex wp-container-core-columns-is-layout-5 wp-block-columns-is-layout-flex\">\n<div class=\"wp-block-column is-vertically-aligned-top is-layout-flow wp-block-column-is-layout-flow\">\n<div class=\"wp-block-columns is-layout-flex wp-container-core-columns-is-layout-4 wp-block-columns-is-layout-flex\">\n<div class=\"wp-block-column is-layout-flow wp-block-column-is-layout-flow\" style=\"flex-basis:100%\">\n<p class=\"has-text-align-left\"><strong>EXPOSITIONS PERSONNELLES<\/strong><br><em>\u00ab\u00a0Rien ne presse\u00a0\u00bb<\/em>\u00a0Galerie RJ, Caen, 2025<br>\u00ab <em>avant l&rsquo;aube <\/em>\u00bb\u00a0Frac Picardie &#8211; Hors les murs coll\u00e8ge lyc\u00e9e Noyon, 2025<br><em>\u00ab friches \u00bb<\/em> Le Radar centre d\u2019art actuel, Bayeux, 2024<br><em>\u00ab ZESTES \u00bb<\/em> Le ravitaillement, Gavray, 2022<br><em>\u00ab Dans l\u2019attente de vous revoir \u00bb<\/em>, M\u00e9dium Argent, Rouen 2022<br><em>\u00ab Comme \u00e7a \u00bb<\/em>, Artoth\u00e8que ESADHaR, Le Havre, 2021<br><em>\u00ab Akemi \u00bb<\/em>, Lieu d\u2019exposition, Rouen, 2016<\/p>\n<\/div>\n<\/div>\n\n\n\n<p><strong>EXPOSITIONS COLLECTIVES<\/strong><br>L\u2019heure de pointe #2, Chapelle de St Germain des Vaux, 2025<br>Les rendez vous St Briac, St Briac, 2023<br><em>\u00ab La kr\u00e8me de la cr\u00e8me \u00bb<\/em> Usine Utopik, Tessy sur vire, 2022<br><em>\u00ab La belle vie \u00bb<\/em> Ch\u00e2teau des Ravalets \/ FRAC Normandie, 2022<br><em>\u00ab Point-point \u00bb<\/em>, Avranches, 2021<br><em>\u00ab Les matins sauvages \u00bb<\/em>, Nos ann\u00e9es sauvages, Rouen, 2021<br><em>\u00ab Divinit\u00e9s, fleurs, plis et repli \u00bb<\/em> Les Bains Douches, Alen\u00e7on, 2021<br><em>\u00ab L\u2019autre loi de la jungle \u00bb<\/em> Les Ateliers du Vent, Rennes, 2020<br>Rendez vous Saint-Briac, 21-24 mai 2020<br>APPEL A PROJET #1, Kommet Lieu d\u2019Art Contemporain, Lyon, 2020<br><em>\u00ab De visu \u00bb <\/em>L\u2019academie, Maromme, 2019<br><em>\u00ab De visu \u00bb<\/em> Abbaye aux Dames, Caen, 2018<br><em>\u00ab OK s\u00e9pulcre \u00bb<\/em>, Coll\u00e9giale du Saint-S\u00e9pulcre de Caen, 2018<br><em>\u00ab Visiteur \u00bb<\/em> SMEDAR Rouen, 2017<br><em>\u00ab Causalit\u00e9s \u00bb,<\/em> Plot HR, Rouen, 2017<br><em>\u00ab Mouchoir de poche \u00bb<\/em>, Galerie de l\u2019Angle, dans le cadre d\u2019Art Sequana, Paris, 2017<br><em>\u00ab La bureaucratie de l\u2019Unique : Construction d\u2019une praxis de la similitude \u00bb<\/em>, Plot HR, Rouen, 2016<br><em>\u00ab Pataqu\u00e8s \u00bb<\/em>, Lieu d\u2019exposition, Rouen, 2015<\/p>\n\n\n\n<p><strong>WORKSHOP &#8211; COLLABORATIONS<\/strong><br>Collaboration avec <em>PATINE<\/em> pour la cr\u00e9ation d&rsquo;un visuel sur textile &#8211; juin 2023<br>Intervention workshop ESAM Caen \/ Cherbourg &#8211; f\u00e9vrier 2023<br>Intervention workshop ESAM Caen \/ Cherbourg &#8211; f\u00e9vrier 2022<\/p>\n\n\n\n<p><strong>PRIX \/ BOURSES<\/strong><br>Aide \u00e0 la cr\u00e9ation r\u00e9gion Normandie, 2022<br><em>\u00ab Dispositif De Visu \u00bb<\/em>, Normandie, 2019 &#8211; 2025<br>Bourse Impulsion &#8211; Arts visuels, Rouen, 2018<\/p>\n\n\n\n<p><strong>RESIDENCES<\/strong><br>R\u00e9sidence jumelage Usine Utopik &#8211; Campus agricole Tracy Vire, 2024-2025<br>Le Kiosque CAC Mayenne, Mayenne, 2024<br>R\u00e9sidence des Fours \u00e0 Chaux, Regneville sur mer, 2024<br><em>\u00ab Soudain l\u2019\u00e9t\u00e9 prochain \u00bb<\/em>, RN13bis, 2023<br>ACADEMIX, Le SHED, Rouen, 2023<br>Medium Argent, Micro r\u00e9sidence d\u2019art contemporain, Rouen, 2022<br>Labo Victor Hugo, Rouen, 2019<br><em>\u00ab Crois\u00e9es \u00bb<\/em>, Institut Fran\u00e7ais du Maroc, Tanger, 2019<br>R\u00e9sidence des Fours \u00e0 Chaux, Regneville sur mer, 2019<br>Galerie L\u2019H du si\u00e8ge, Valenciennes, 2019<\/p>\n\n\n\n<p><strong>PUBLICATIONS<\/strong><br><em>\u00ab De passage \u00bb<\/em> SHEET Editions, 2025<br>SUPPORT MAGAZINE#2<br><em>\u00ab Bliss \u00bb<\/em> texte par Fiona Vilmer<br><em>\u00ab Still real life \u00bb<\/em> CARTEL EDITIONS<br><em>\u00ab L\u2019autre loi de la jungle \u00bb<\/em> texte par Isabelle Henrion<br>Galerie Capsule &#8211; Entretien, vid\u00e9o 3\u2019\u201950 &#8211; 2020<br>Ladies Drawing Cl\u00fcb #Issue 4 &#8211; 2020<\/p>\n\n\n\n<p><strong>COLLECTION<\/strong><br>FRAC Normandie<br>Fond d\u00e9partemental d&rsquo;art contemporain &#8211; Manche<br>Artoth\u00e8que ESADHaR Le Havre<br>Les Dominicaines, Pont l&rsquo;\u00e9v\u00eaque<br>Artoth\u00e8que Cherbourg<br>Collections priv\u00e9es<\/p>\n\n\n\n<p><strong>FORMATION<\/strong><br>2017 : DNSEP, avec les f\u00e9licitations du jury, ESADHaR Rouen<br>2015 : DNAP, avec mention, ESADHaR Rouen<\/p>\n<\/div>\n<\/div>\n<\/div>\n\n\n\n<div class=\"wp-block-columns alignfull is-layout-flex wp-container-core-columns-is-layout-6 wp-block-columns-is-layout-flex\">\n<div class=\"wp-block-column is-layout-flow wp-block-column-is-layout-flow\"><\/div>\n\n\n\n<div class=\"wp-block-column is-layout-flow wp-block-column-is-layout-flow\"><\/div>\n<\/div>\n<\/div>\n\n\n\n<div style=\"height:100px\" aria-hidden=\"true\" class=\"wp-block-spacer\"><\/div>\n\n\n\n<div class=\"wp-block-cover alignfull is-light has-parallax\" style=\"padding-top:var(--wp--preset--spacing--50);padding-right:var(--wp--preset--spacing--50);padding-bottom:var(--wp--preset--spacing--50);padding-left:var(--wp--preset--spacing--50);min-height:100vh;aspect-ratio:unset;\"><span aria-hidden=\"true\" class=\"wp-block-cover__background has-base-background-color has-background-dim-0 has-background-dim\"><\/span><div class=\"wp-block-cover__image-background wp-image-471 has-parallax\" style=\"background-position:50% 50%;background-image:url(https:\/\/jademoulin.fr\/wp-content\/uploads\/2024\/03\/DSCF4639-copie-scaled.jpg)\"><\/div><div class=\"wp-block-cover__inner-container has-global-padding is-layout-constrained wp-container-core-cover-is-layout-1 wp-block-cover-is-layout-constrained\">\n<div style=\"height:500px\" aria-hidden=\"true\" class=\"wp-block-spacer\"><\/div>\n<\/div><\/div>\n\n\n\n<div class=\"wp-block-group alignfull has-base-2-background-color has-background has-global-padding is-layout-constrained wp-container-core-group-is-layout-5 wp-block-group-is-layout-constrained\" style=\"margin-top:0;margin-bottom:0;padding-top:var(--wp--preset--spacing--60);padding-right:var(--wp--preset--spacing--60);padding-bottom:var(--wp--preset--spacing--60);padding-left:var(--wp--preset--spacing--60)\">\n<div class=\"wp-block-group alignfull is-layout-flow wp-block-group-is-layout-flow\">\n<div class=\"wp-block-group is-vertical is-content-justification-center is-layout-flex wp-container-core-group-is-layout-3 wp-block-group-is-layout-flex\" style=\"padding-top:var(--wp--preset--spacing--40);padding-bottom:var(--wp--preset--spacing--50)\"><div class=\"is-default-size wp-block-site-logo\"><a href=\"https:\/\/jademoulin.fr\/\" class=\"custom-logo-link\" rel=\"home\"><img loading=\"lazy\" decoding=\"async\" width=\"1532\" height=\"346\" src=\"https:\/\/jademoulin.fr\/wp-content\/uploads\/2024\/03\/Capture-decran-2024-03-19-a-12.29.59.png\" class=\"custom-logo\" alt=\"jade moulin\" srcset=\"https:\/\/jademoulin.fr\/wp-content\/uploads\/2024\/03\/Capture-decran-2024-03-19-a-12.29.59.png 1532w, https:\/\/jademoulin.fr\/wp-content\/uploads\/2024\/03\/Capture-decran-2024-03-19-a-12.29.59-300x68.png 300w, https:\/\/jademoulin.fr\/wp-content\/uploads\/2024\/03\/Capture-decran-2024-03-19-a-12.29.59-1024x231.png 1024w, https:\/\/jademoulin.fr\/wp-content\/uploads\/2024\/03\/Capture-decran-2024-03-19-a-12.29.59-768x173.png 768w\" sizes=\"(max-width: 1532px) 100vw, 1532px\" \/><\/a><\/div>\n\n<nav class=\"has-small-font-size items-justified-center wp-block-navigation has-small-font-size is-content-justification-center is-layout-flex wp-container-core-navigation-is-layout-1 wp-block-navigation-is-layout-flex\" aria-label=\"Navigation Pied de page\"><ul class=\"wp-block-navigation__container has-small-font-size items-justified-center wp-block-navigation has-small-font-size\"><li class=\"has-small-font-size wp-block-navigation-item wp-block-navigation-link\"><a class=\"wp-block-navigation-item__content\"  href=\"https:\/\/jademoulin.fr\/?page_id=50\"><span class=\"wp-block-navigation-item__label\">\u00e0 propos<\/span><\/a><\/li><li class=\"has-small-font-size wp-block-navigation-item wp-block-navigation-link\"><a class=\"wp-block-navigation-item__content\"  href=\"https:\/\/www.instagram.com\/jade__moulin\/\" target=\"_blank\"  ><span class=\"wp-block-navigation-item__label\">instagram<\/span><\/a><\/li><li class=\"has-small-font-size wp-block-navigation-item wp-block-navigation-link\"><a class=\"wp-block-navigation-item__content\"  href=\"https:\/\/drive.google.com\/file\/d\/1ldcKM1m0nPaHyt-NIdW6LBYVtrSbuOiD\/view?usp=share_link\" target=\"_blank\"  ><span class=\"wp-block-navigation-item__label\">portfolio<\/span><\/a><\/li><li class=\"has-small-font-size wp-block-navigation-item wp-block-navigation-link\"><a class=\"wp-block-navigation-item__content\"  href=\"https:\/\/jademoulin.fr\/?page_id=445\"><span class=\"wp-block-navigation-item__label\">shop<\/span><\/a><\/li><\/ul><\/nav>\n\n\n<p class=\"has-text-align-center has-secondary-color has-text-color has-link-color has-small-font-size wp-elements-17f685f7c5ac1d76d2b8e24cdb5b8451\"><\/p>\n<\/div>\n<\/div>\n<\/div>\n","protected":false},"excerpt":{"rendered":"<p>jade.moulin@hotmail.fr @jade__moulin N\u00e9e en 1995, Jade Moulin est une artiste plasticienne dont le travail s\u2019attache \u00e0 donner \u00e0 voir les petits rien qui l\u2019environnent. Apr\u00e8s l\u2019obtention de son dipl\u00f4me \u00e0 l\u2019ESADHaR de Rouen en 2017, elle obtient la Bourse Arts Visuels de la ville de Rouen qui l\u2019emm\u00e8nera \u00e0 Cleveland, dans l\u2019Ohio. Elle y produit [&hellip;]<\/p>\n","protected":false},"author":1,"featured_media":0,"parent":0,"menu_order":0,"comment_status":"closed","ping_status":"closed","template":"page-no-title","meta":{"footnotes":""},"class_list":["post-50","page","type-page","status-publish","hentry"],"_links":{"self":[{"href":"https:\/\/jademoulin.fr\/index.php?rest_route=\/wp\/v2\/pages\/50"}],"collection":[{"href":"https:\/\/jademoulin.fr\/index.php?rest_route=\/wp\/v2\/pages"}],"about":[{"href":"https:\/\/jademoulin.fr\/index.php?rest_route=\/wp\/v2\/types\/page"}],"author":[{"embeddable":true,"href":"https:\/\/jademoulin.fr\/index.php?rest_route=\/wp\/v2\/users\/1"}],"replies":[{"embeddable":true,"href":"https:\/\/jademoulin.fr\/index.php?rest_route=%2Fwp%2Fv2%2Fcomments&post=50"}],"version-history":[{"count":30,"href":"https:\/\/jademoulin.fr\/index.php?rest_route=\/wp\/v2\/pages\/50\/revisions"}],"predecessor-version":[{"id":888,"href":"https:\/\/jademoulin.fr\/index.php?rest_route=\/wp\/v2\/pages\/50\/revisions\/888"}],"wp:attachment":[{"href":"https:\/\/jademoulin.fr\/index.php?rest_route=%2Fwp%2Fv2%2Fmedia&parent=50"}],"curies":[{"name":"wp","href":"https:\/\/api.w.org\/{rel}","templated":true}]}}