{"id":247,"date":"2024-03-19T12:11:03","date_gmt":"2024-03-19T11:11:03","guid":{"rendered":"https:\/\/jademoulin.fr\/?page_id=247"},"modified":"2025-07-19T08:08:37","modified_gmt":"2025-07-19T06:08:37","slug":"editions","status":"publish","type":"page","link":"https:\/\/jademoulin.fr\/?page_id=247","title":{"rendered":"\u00e9ditions"},"content":{"rendered":"\n<div class=\"wp-block-group alignwide has-global-padding is-layout-constrained wp-block-group-is-layout-constrained\">\n<p><\/p>\n\n\n\n<div class=\"wp-block-columns alignwide is-layout-flex wp-container-core-columns-is-layout-1 wp-block-columns-is-layout-flex\">\n<div class=\"wp-block-column is-vertically-aligned-center is-layout-flow wp-block-column-is-layout-flow\" style=\"flex-basis:100%\">\n<div style=\"height:171px\" aria-hidden=\"true\" class=\"wp-block-spacer\"><\/div>\n\n\n\n<figure class=\"wp-block-image aligncenter size-large is-resized\"><img loading=\"lazy\" decoding=\"async\" width=\"1024\" height=\"973\" src=\"https:\/\/jademoulin.fr\/wp-content\/uploads\/2025\/07\/Scan-copie-1024x973.jpeg\" alt=\"\" class=\"wp-image-653\" style=\"width:1014px;height:auto\" srcset=\"https:\/\/jademoulin.fr\/wp-content\/uploads\/2025\/07\/Scan-copie-1024x973.jpeg 1024w, https:\/\/jademoulin.fr\/wp-content\/uploads\/2025\/07\/Scan-copie-300x285.jpeg 300w, https:\/\/jademoulin.fr\/wp-content\/uploads\/2025\/07\/Scan-copie-768x730.jpeg 768w, https:\/\/jademoulin.fr\/wp-content\/uploads\/2025\/07\/Scan-copie-1536x1460.jpeg 1536w, https:\/\/jademoulin.fr\/wp-content\/uploads\/2025\/07\/Scan-copie-2048x1947.jpeg 2048w\" sizes=\"(max-width: 1024px) 100vw, 1024px\" \/><\/figure>\n\n\n\n<figure class=\"wp-block-image aligncenter size-large is-resized\"><img loading=\"lazy\" decoding=\"async\" width=\"744\" height=\"1024\" src=\"https:\/\/jademoulin.fr\/wp-content\/uploads\/2025\/07\/Scan-1-1-744x1024.jpeg\" alt=\"\" class=\"wp-image-655\" style=\"width:1016px;height:auto\" srcset=\"https:\/\/jademoulin.fr\/wp-content\/uploads\/2025\/07\/Scan-1-1-744x1024.jpeg 744w, https:\/\/jademoulin.fr\/wp-content\/uploads\/2025\/07\/Scan-1-1-218x300.jpeg 218w, https:\/\/jademoulin.fr\/wp-content\/uploads\/2025\/07\/Scan-1-1-768x1057.jpeg 768w, https:\/\/jademoulin.fr\/wp-content\/uploads\/2025\/07\/Scan-1-1-1116x1536.jpeg 1116w, https:\/\/jademoulin.fr\/wp-content\/uploads\/2025\/07\/Scan-1-1-1488x2048.jpeg 1488w, https:\/\/jademoulin.fr\/wp-content\/uploads\/2025\/07\/Scan-1-1-scaled.jpeg 1859w\" sizes=\"(max-width: 744px) 100vw, 744px\" \/><\/figure>\n\n\n\n<div style=\"height:100px\" aria-hidden=\"true\" class=\"wp-block-spacer\"><\/div>\n\n\n\n<p class=\"has-small-font-size\" style=\"margin-right:var(--wp--preset--spacing--30);margin-left:var(--wp--preset--spacing--30)\"><strong>DE PASSAGE<\/strong><br><em>\u00e9dit\u00e9 par \u00e9ditions SHEET<\/em> &amp; Atelier VALTON<\/p>\n\n\n\n<p style=\"margin-right:var(--wp--preset--spacing--30);margin-left:var(--wp--preset--spacing--30);font-size:0.7rem\">Publi\u00e9 en 2024<br>Pochette cartonn\u00e9e s\u00e9rigraphi\u00e9e contenant 10 vues photographiques<br>6x9cm<br>50 exemplaires<br><br>DE PASSAGE\u00a0est une \u00e9dition photographique con\u00e7ue par l\u2019artiste Jade Moulin. Pens\u00e9e comme une \u00e9vocation sensible de\u00a0souvenirs, de\u00a0lieux travers\u00e9s et de\u00a0temps suspendus,\u00a0cette \u00e9dition se pr\u00e9sente sous la forme d\u2019un \u00e9tui en papier \u00e9pais, s\u00e9rigraphi\u00e9 et d\u00e9coup\u00e9 \u00e0 la main, qui contient 10 vues (photographies)\u00a0\u00e0 composer soi-m\u00eame. Chaque photographie est issue du travail de Jade, assemblant\u00a0ses images en tissant\u00a0des liens &#8211;\u00a0par affinit\u00e9s, contrastes ou glissements. Elle imagine ici un objet intime, convoquant\u00a0la m\u00e9moire, du regard et du geste. Inspir\u00e9 des pochettes de \u201cphotos-souvenirs\u201d d\u2019autrefois, DE PASSAGE reprend le format 6 x 9 cm et joue avec de la simplicit\u00e9 d\u2019un tirage modeste et la po\u00e9sie de la s\u00e9lection.<\/p>\n\n\n\n<p style=\"margin-top:0;margin-right:var(--wp--preset--spacing--30);margin-bottom:0;margin-left:var(--wp--preset--spacing--30);font-size:12px\"><\/p>\n\n\n\n<p class=\"has-small-font-size\" style=\"margin-right:var(--wp--preset--spacing--30);margin-left:var(--wp--preset--spacing--30)\"><a href=\"https:\/\/www.editionssheet.com\/product-page\/de-passage-jade-moulin-\u00e9dition-es1014\" data-type=\"link\" data-id=\"https:\/\/www.editionssheet.com\/product-page\/de-passage-jade-moulin-\u00e9dition-es1014\" target=\"_blank\" rel=\"noreferrer noopener\">LIEN<\/a><\/p>\n\n\n\n<div style=\"height:177px\" aria-hidden=\"true\" class=\"wp-block-spacer\"><\/div>\n\n\n\n<figure class=\"wp-block-gallery has-nested-images columns-default is-cropped wp-block-gallery-1 is-layout-flex wp-block-gallery-is-layout-flex\">\n<figure class=\"wp-block-image size-large\"><img loading=\"lazy\" decoding=\"async\" width=\"984\" height=\"1024\" src=\"https:\/\/jademoulin.fr\/wp-content\/uploads\/2024\/11\/Capture-decran-2024-11-13-a-15.11.20-1-984x1024.png\" alt=\"\" class=\"wp-image-523\" srcset=\"https:\/\/jademoulin.fr\/wp-content\/uploads\/2024\/11\/Capture-decran-2024-11-13-a-15.11.20-1-984x1024.png 984w, https:\/\/jademoulin.fr\/wp-content\/uploads\/2024\/11\/Capture-decran-2024-11-13-a-15.11.20-1-288x300.png 288w, https:\/\/jademoulin.fr\/wp-content\/uploads\/2024\/11\/Capture-decran-2024-11-13-a-15.11.20-1-768x799.png 768w, https:\/\/jademoulin.fr\/wp-content\/uploads\/2024\/11\/Capture-decran-2024-11-13-a-15.11.20-1.png 1322w\" sizes=\"(max-width: 984px) 100vw, 984px\" \/><\/figure>\n\n\n\n<figure class=\"wp-block-image size-large\"><img loading=\"lazy\" decoding=\"async\" width=\"849\" height=\"1024\" src=\"https:\/\/jademoulin.fr\/wp-content\/uploads\/2024\/11\/Capture-decran-2024-11-13-a-15.10.34-1-849x1024.png\" alt=\"\" class=\"wp-image-524\" srcset=\"https:\/\/jademoulin.fr\/wp-content\/uploads\/2024\/11\/Capture-decran-2024-11-13-a-15.10.34-1-849x1024.png 849w, https:\/\/jademoulin.fr\/wp-content\/uploads\/2024\/11\/Capture-decran-2024-11-13-a-15.10.34-1-249x300.png 249w, https:\/\/jademoulin.fr\/wp-content\/uploads\/2024\/11\/Capture-decran-2024-11-13-a-15.10.34-1-768x927.png 768w, https:\/\/jademoulin.fr\/wp-content\/uploads\/2024\/11\/Capture-decran-2024-11-13-a-15.10.34-1.png 1172w\" sizes=\"(max-width: 849px) 100vw, 849px\" \/><\/figure>\n<\/figure>\n\n\n\n<p class=\"has-small-font-size\" style=\"margin-right:var(--wp--preset--spacing--30);margin-left:var(--wp--preset--spacing--30)\"><strong>SUPPORT MAGAZINE #2<\/strong><br><em>\u00e9dit\u00e9 par Support Editions<\/em><\/p>\n\n\n\n<p style=\"margin-right:var(--wp--preset--spacing--30);margin-left:var(--wp--preset--spacing--30);font-size:0.7rem\">Publi\u00e9 en 2021<br>24x32cm<br>88 artistes<br>Logo : Loris Pernoux<br>Design graphique : Plus Trente Trois <br>Papier Fedrigoni <br>Impression : Manufacture Deux ponts<\/p>\n\n\n\n<p style=\"margin-right:var(--wp--preset--spacing--30);margin-left:var(--wp--preset--spacing--30);font-size:12px\">Support Editions is the new print and digital media dedicated to contemporary drawing and its talents. It is composed of several platforms: An&nbsp;<em>instagram account<\/em>&nbsp;that presents artists and their work in new editorial forms on a daily basis. These digital exhibitions are archived on this&nbsp;<em>website<\/em>, which works as an index classified by Artists or by Categories (Theme, Solo show and Illustrated Interviews). Every year in March, a printed selection of about a hundred illustrations is published in a&nbsp;<em>large format book<\/em>.<\/p>\n\n\n\n<p style=\"margin-right:var(--wp--preset--spacing--30);margin-left:var(--wp--preset--spacing--30);font-size:12px\">The aim of Support Editions is to highlight the extreme diversity of contemporary drawing and its actors. Its ambition is to offer contemporary drawing worldwide influence, underlining the multiplicity of its representations and techniques.&nbsp;All the artists published on this website were featured on Support Magazine&rsquo;s instagram. The rights of the images belong to their creators.<\/p>\n\n\n\n<p class=\"has-small-font-size\" style=\"margin-right:var(--wp--preset--spacing--30);margin-left:var(--wp--preset--spacing--30)\"><a href=\"https:\/\/www.supporteditions.fr\/shop\" data-type=\"link\" data-id=\"https:\/\/www.supporteditions.fr\/shop\" target=\"_blank\" rel=\"noreferrer noopener\">LIEN<\/a><\/p>\n<\/div>\n<\/div>\n\n\n\n<div style=\"height:100px\" aria-hidden=\"true\" class=\"wp-block-spacer\"><\/div>\n\n\n\n<figure class=\"wp-block-image alignwide size-full is-style-default\"><img loading=\"lazy\" decoding=\"async\" width=\"1800\" height=\"1239\" src=\"https:\/\/jademoulin.fr\/wp-content\/uploads\/2024\/03\/web.jpg\" alt=\"\" class=\"wp-image-250\" srcset=\"https:\/\/jademoulin.fr\/wp-content\/uploads\/2024\/03\/web.jpg 1800w, https:\/\/jademoulin.fr\/wp-content\/uploads\/2024\/03\/web-300x207.jpg 300w, https:\/\/jademoulin.fr\/wp-content\/uploads\/2024\/03\/web-1024x705.jpg 1024w, https:\/\/jademoulin.fr\/wp-content\/uploads\/2024\/03\/web-768x529.jpg 768w, https:\/\/jademoulin.fr\/wp-content\/uploads\/2024\/03\/web-1536x1057.jpg 1536w\" sizes=\"(max-width: 1800px) 100vw, 1800px\" \/><\/figure>\n\n\n\n<div class=\"wp-block-columns alignfull is-layout-flex wp-container-core-columns-is-layout-2 wp-block-columns-is-layout-flex\">\n<div class=\"wp-block-column is-layout-flow wp-block-column-is-layout-flow\" style=\"flex-basis:100%\">\n<p class=\"has-small-font-size\" style=\"margin-right:var(--wp--preset--spacing--30);margin-left:var(--wp--preset--spacing--30)\"><strong>STILL REAL LIFE<\/strong><br><em>\u00e9dit\u00e9 par CARTEL EDITIONS<\/em><\/p>\n\n\n\n<p style=\"margin-right:var(--wp--preset--spacing--30);margin-left:var(--wp--preset--spacing--30);font-size:0.7rem\">Publi\u00e9 en 2020<br>28x21cm<br>164 pages<br>textes : Amanda Jamme<br>photographies : Jade Moulin<br>design graphique : Anne Sarah Sanchez<br><br><\/p>\n\n\n\n<p style=\"margin-top:0;margin-right:var(--wp--preset--spacing--30);margin-bottom:0;margin-left:var(--wp--preset--spacing--30);font-size:12px\">Still real life de Jade Moulin est la premi\u00e8re \u00e9dition r\u00e9alis\u00e9e dans le cadre du projet CARTEL EDITIONS. Cette \u00e9dition a \u00e9t\u00e9 pens\u00e9e comme un espace d&rsquo;exposition, o\u00f9 la mise en page de ses photographies renvoie \u00e0 une r\u00e9flexion sur les vides et les pleins et o\u00f9 les textes po\u00e9tiques compos\u00e9s par Amanda Jamme prennent la forme d&rsquo;une m\u00e9diation spatiale possible. Envisag\u00e9e comme une alternative aux espaces de monstration, le travail de Jade Moulin trouve dans l&rsquo;\u00e9dition un espace pour s&rsquo;y fondre et s&rsquo;y confondre.<\/p>\n\n\n\n<p style=\"margin-right:var(--wp--preset--spacing--30);margin-left:var(--wp--preset--spacing--30);font-size:12px\">CARTEL EDITIONS est un projet d&rsquo;exposition imprim\u00e9e, lanc\u00e9 en 2020 en collaboration avec des artistes plasticiens.<\/p>\n\n\n\n<p class=\"has-small-font-size\" style=\"margin-right:var(--wp--preset--spacing--30);margin-left:var(--wp--preset--spacing--30)\"><a href=\"https:\/\/drive.google.com\/file\/d\/1feDn8t-4nishc3DZTDIXpepadCyvEpFJ\/view?usp=share_link\" data-type=\"link\" data-id=\"https:\/\/drive.google.com\/file\/d\/1feDn8t-4nishc3DZTDIXpepadCyvEpFJ\/view?usp=share_link\" target=\"_blank\" rel=\"noreferrer noopener\">LIEN<\/a><\/p>\n<\/div>\n<\/div>\n\n\n\n<div style=\"height:100px\" aria-hidden=\"true\" class=\"wp-block-spacer\"><\/div>\n\n\n\n<figure class=\"wp-block-image alignwide size-full is-style-default\"><img loading=\"lazy\" decoding=\"async\" width=\"2560\" height=\"1762\" src=\"https:\/\/jademoulin.fr\/wp-content\/uploads\/2024\/03\/Numeriser-56-2-scaled.jpeg\" alt=\"\" class=\"wp-image-249\" srcset=\"https:\/\/jademoulin.fr\/wp-content\/uploads\/2024\/03\/Numeriser-56-2-scaled.jpeg 2560w, https:\/\/jademoulin.fr\/wp-content\/uploads\/2024\/03\/Numeriser-56-2-300x206.jpeg 300w, https:\/\/jademoulin.fr\/wp-content\/uploads\/2024\/03\/Numeriser-56-2-1024x705.jpeg 1024w, https:\/\/jademoulin.fr\/wp-content\/uploads\/2024\/03\/Numeriser-56-2-768x529.jpeg 768w, https:\/\/jademoulin.fr\/wp-content\/uploads\/2024\/03\/Numeriser-56-2-1536x1057.jpeg 1536w, https:\/\/jademoulin.fr\/wp-content\/uploads\/2024\/03\/Numeriser-56-2-2048x1410.jpeg 2048w\" sizes=\"(max-width: 2560px) 100vw, 2560px\" \/><\/figure>\n\n\n\n<div class=\"wp-block-columns alignfull is-layout-flex wp-container-core-columns-is-layout-3 wp-block-columns-is-layout-flex\">\n<div class=\"wp-block-column is-layout-flow wp-block-column-is-layout-flow\">\n<p class=\"has-small-font-size\" style=\"margin-right:var(--wp--preset--spacing--30);margin-left:var(--wp--preset--spacing--30)\"><strong>CLEVELAND, OHIO<\/strong><br><em>auto \u00e9dit\u00e9<\/em><\/p>\n\n\n\n<p style=\"margin-right:var(--wp--preset--spacing--30);margin-left:var(--wp--preset--spacing--30);font-size:0.7rem\">Publi\u00e9 en 2019<br>21x15cm<br>62 pages<\/p>\n\n\n\n<p style=\"margin-right:var(--wp--preset--spacing--30);margin-left:var(--wp--preset--spacing--30);font-size:12px\">Cette \u00e9dition est le r\u00e9sultat d\u2019un projet photographique r\u00e9alis\u00e9 \u00e0 Cleveland dans l&rsquo;Ohio, ville jumel\u00e9e de Rouen, dans le cadre de la Bourse Impulsion.<br>Il s\u2019agit de mettre en avant une s\u00e9rie instantan\u00e9s r\u00e9colt\u00e9s au fil des jours, r\u00e9sultant de diverses d\u00e9ambulations dans la ville.<br>Un quotidien s\u2019installe, des d\u00e9placements et des habitudes se mettent en place. Cette s\u00e9rie est le fruit d\u2019une collecte quotidienne de moments ordinaires, formant ensembles un environnement.<br>Le jumelage est par d\u00e9finition le fait d\u2019associer deux choses identiques ou compl\u00e9mentaires, notamment entre deux villes de pays diff\u00e9rents. Il s\u2019agissait pour moi de dresser l\u2019identit\u00e9 visuelle \u00e0 partir de mon exp\u00e9rience sur place. Cette identit\u00e9 se construit par l\u2019accumulation des diff\u00e9rents objets, ph\u00e9nom\u00e8nes, et compositions que j\u2019ai pu rencontrer, et c\u00f4toyer au fil des jours.<br><br><a href=\"https:\/\/drive.google.com\/file\/d\/1YrXBVUOHFsRUNNosEOPYI_myoTd3C1rO\/view?usp=sharing\" data-type=\"link\" data-id=\"https:\/\/drive.google.com\/file\/d\/1ldcKM1m0nPaHyt-NIdW6LBYVtrSbuOiD\/view?usp=share_link\" target=\"_blank\" rel=\"noreferrer noopener\">LIEN<\/a><\/p>\n\n\n\n<div style=\"height:157px\" aria-hidden=\"true\" class=\"wp-block-spacer\"><\/div>\n\n\n\n<div class=\"wp-block-group is-vertical is-content-justification-center is-layout-flex wp-container-core-group-is-layout-1 wp-block-group-is-layout-flex\" style=\"padding-top:var(--wp--preset--spacing--40);padding-bottom:var(--wp--preset--spacing--50)\"><div class=\"is-default-size wp-block-site-logo\"><a href=\"https:\/\/jademoulin.fr\/\" class=\"custom-logo-link\" rel=\"home\"><img loading=\"lazy\" decoding=\"async\" width=\"1532\" height=\"346\" src=\"https:\/\/jademoulin.fr\/wp-content\/uploads\/2024\/03\/Capture-decran-2024-03-19-a-12.29.59.png\" class=\"custom-logo\" alt=\"jade moulin\" srcset=\"https:\/\/jademoulin.fr\/wp-content\/uploads\/2024\/03\/Capture-decran-2024-03-19-a-12.29.59.png 1532w, https:\/\/jademoulin.fr\/wp-content\/uploads\/2024\/03\/Capture-decran-2024-03-19-a-12.29.59-300x68.png 300w, https:\/\/jademoulin.fr\/wp-content\/uploads\/2024\/03\/Capture-decran-2024-03-19-a-12.29.59-1024x231.png 1024w, https:\/\/jademoulin.fr\/wp-content\/uploads\/2024\/03\/Capture-decran-2024-03-19-a-12.29.59-768x173.png 768w\" sizes=\"(max-width: 1532px) 100vw, 1532px\" \/><\/a><\/div>\n\n<nav class=\"has-small-font-size items-justified-center wp-block-navigation has-small-font-size is-content-justification-center is-layout-flex wp-container-core-navigation-is-layout-1 wp-block-navigation-is-layout-flex\" aria-label=\"Navigation Pied de page\"><ul class=\"wp-block-navigation__container has-small-font-size items-justified-center wp-block-navigation has-small-font-size\"><li class=\"has-small-font-size wp-block-navigation-item wp-block-navigation-link\"><a class=\"wp-block-navigation-item__content\"  href=\"https:\/\/jademoulin.fr\/?page_id=50\"><span class=\"wp-block-navigation-item__label\">\u00e0 propos<\/span><\/a><\/li><li class=\"has-small-font-size wp-block-navigation-item wp-block-navigation-link\"><a class=\"wp-block-navigation-item__content\"  href=\"https:\/\/www.instagram.com\/jade__moulin\/\" target=\"_blank\"  ><span class=\"wp-block-navigation-item__label\">instagram<\/span><\/a><\/li><li class=\"has-small-font-size wp-block-navigation-item wp-block-navigation-link\"><a class=\"wp-block-navigation-item__content\"  href=\"https:\/\/drive.google.com\/file\/d\/1ldcKM1m0nPaHyt-NIdW6LBYVtrSbuOiD\/view?usp=share_link\" target=\"_blank\"  ><span class=\"wp-block-navigation-item__label\">portfolio<\/span><\/a><\/li><li class=\"has-small-font-size wp-block-navigation-item wp-block-navigation-link\"><a class=\"wp-block-navigation-item__content\"  href=\"https:\/\/jademoulin.fr\/?page_id=445\"><span class=\"wp-block-navigation-item__label\">shop<\/span><\/a><\/li><\/ul><\/nav>\n\n\n<p class=\"has-text-align-center has-secondary-color has-text-color has-link-color has-small-font-size wp-elements-17f685f7c5ac1d76d2b8e24cdb5b8451\"><\/p>\n<\/div>\n\n\n\n<p style=\"margin-right:var(--wp--preset--spacing--30);margin-left:var(--wp--preset--spacing--30)\"><\/p>\n\n\n\n<p style=\"font-size:0.7rem\"><br><\/p>\n\n\n\n<div style=\"height:100px\" aria-hidden=\"true\" class=\"wp-block-spacer\"><\/div>\n\n\n\n<p><br><\/p>\n<\/div>\n<\/div>\n\n\n\n<p><\/p>\n<\/div>\n","protected":false},"excerpt":{"rendered":"<p>DE PASSAGE\u00e9dit\u00e9 par \u00e9ditions SHEET &amp; Atelier VALTON Publi\u00e9 en 2024Pochette cartonn\u00e9e s\u00e9rigraphi\u00e9e contenant 10 vues photographiques6x9cm50 exemplaires DE PASSAGE\u00a0est une \u00e9dition photographique con\u00e7ue par l\u2019artiste Jade Moulin. Pens\u00e9e comme une \u00e9vocation sensible de\u00a0souvenirs, de\u00a0lieux travers\u00e9s et de\u00a0temps suspendus,\u00a0cette \u00e9dition se pr\u00e9sente sous la forme d\u2019un \u00e9tui en papier \u00e9pais, s\u00e9rigraphi\u00e9 et d\u00e9coup\u00e9 \u00e0 la [&hellip;]<\/p>\n","protected":false},"author":1,"featured_media":0,"parent":0,"menu_order":0,"comment_status":"closed","ping_status":"closed","template":"page-no-title","meta":{"footnotes":""},"class_list":["post-247","page","type-page","status-publish","hentry"],"_links":{"self":[{"href":"https:\/\/jademoulin.fr\/index.php?rest_route=\/wp\/v2\/pages\/247"}],"collection":[{"href":"https:\/\/jademoulin.fr\/index.php?rest_route=\/wp\/v2\/pages"}],"about":[{"href":"https:\/\/jademoulin.fr\/index.php?rest_route=\/wp\/v2\/types\/page"}],"author":[{"embeddable":true,"href":"https:\/\/jademoulin.fr\/index.php?rest_route=\/wp\/v2\/users\/1"}],"replies":[{"embeddable":true,"href":"https:\/\/jademoulin.fr\/index.php?rest_route=%2Fwp%2Fv2%2Fcomments&post=247"}],"version-history":[{"count":25,"href":"https:\/\/jademoulin.fr\/index.php?rest_route=\/wp\/v2\/pages\/247\/revisions"}],"predecessor-version":[{"id":659,"href":"https:\/\/jademoulin.fr\/index.php?rest_route=\/wp\/v2\/pages\/247\/revisions\/659"}],"wp:attachment":[{"href":"https:\/\/jademoulin.fr\/index.php?rest_route=%2Fwp%2Fv2%2Fmedia&parent=247"}],"curies":[{"name":"wp","href":"https:\/\/api.w.org\/{rel}","templated":true}]}}