{"id":141,"date":"2024-03-18T16:40:08","date_gmt":"2024-03-18T15:40:08","guid":{"rendered":"https:\/\/jademoulin.fr\/?page_id=141"},"modified":"2026-01-05T12:25:37","modified_gmt":"2026-01-05T11:25:37","slug":"141-2","status":"publish","type":"page","link":"https:\/\/jademoulin.fr\/?page_id=141","title":{"rendered":"c\u00e9ramiques"},"content":{"rendered":"\n<div style=\"height:199px\" aria-hidden=\"true\" class=\"wp-block-spacer\"><\/div>\n\n\n\n<figure class=\"wp-block-gallery alignwide has-nested-images columns-default is-cropped wp-block-gallery-1 is-layout-flex wp-block-gallery-is-layout-flex\">\n<figure class=\"wp-block-image size-large\"><img loading=\"lazy\" decoding=\"async\" width=\"683\" height=\"1024\" data-id=\"880\" src=\"https:\/\/jademoulin.fr\/wp-content\/uploads\/2026\/01\/DSCF6872-1-683x1024.jpg\" alt=\"\" class=\"wp-image-880\" srcset=\"https:\/\/jademoulin.fr\/wp-content\/uploads\/2026\/01\/DSCF6872-1-683x1024.jpg 683w, https:\/\/jademoulin.fr\/wp-content\/uploads\/2026\/01\/DSCF6872-1-200x300.jpg 200w, https:\/\/jademoulin.fr\/wp-content\/uploads\/2026\/01\/DSCF6872-1-768x1152.jpg 768w, https:\/\/jademoulin.fr\/wp-content\/uploads\/2026\/01\/DSCF6872-1-1024x1536.jpg 1024w, https:\/\/jademoulin.fr\/wp-content\/uploads\/2026\/01\/DSCF6872-1-1365x2048.jpg 1365w, https:\/\/jademoulin.fr\/wp-content\/uploads\/2026\/01\/DSCF6872-1-scaled.jpg 1707w\" sizes=\"(max-width: 683px) 100vw, 683px\" \/><\/figure>\n\n\n\n<figure class=\"wp-block-image size-large\"><img loading=\"lazy\" decoding=\"async\" width=\"683\" height=\"1024\" data-id=\"879\" src=\"https:\/\/jademoulin.fr\/wp-content\/uploads\/2026\/01\/DSCF6874-1-683x1024.jpg\" alt=\"\" class=\"wp-image-879\" srcset=\"https:\/\/jademoulin.fr\/wp-content\/uploads\/2026\/01\/DSCF6874-1-683x1024.jpg 683w, https:\/\/jademoulin.fr\/wp-content\/uploads\/2026\/01\/DSCF6874-1-200x300.jpg 200w, https:\/\/jademoulin.fr\/wp-content\/uploads\/2026\/01\/DSCF6874-1-768x1152.jpg 768w, https:\/\/jademoulin.fr\/wp-content\/uploads\/2026\/01\/DSCF6874-1-1024x1536.jpg 1024w, https:\/\/jademoulin.fr\/wp-content\/uploads\/2026\/01\/DSCF6874-1-1365x2048.jpg 1365w, https:\/\/jademoulin.fr\/wp-content\/uploads\/2026\/01\/DSCF6874-1-scaled.jpg 1707w\" sizes=\"(max-width: 683px) 100vw, 683px\" \/><\/figure>\n<figcaption class=\"blocks-gallery-caption wp-element-caption\"><em>Bocage<\/em>, fa\u00efence \u00e9maill\u00e9e, 12x12cm, 2025<\/figcaption><\/figure>\n\n\n\n<div style=\"height:var(--wp--preset--spacing--50)\" aria-hidden=\"true\" class=\"wp-block-spacer\"><\/div>\n\n\n\n<h1 class=\"wp-block-heading alignwide has-large-font-size\" style=\"line-height:1.2\"><em>friches<\/em> est une installation issue d&rsquo;une d\u00e9ambulation dans un paysage nocturne. Devant nous se d\u00e9ploie une prairie saisie dans l&rsquo;obscurit\u00e9 visible par fragments sur ces carreaux de fa\u00efence. Comme pour canaliser notre attention, cette image d&rsquo;un paysage presque infini, \u00e0 perte de vue, s&rsquo;offre \u00e0 nous en donnant \u00e0 voir des d\u00e9tails de ce paysage vibrant. <\/h1>\n\n\n\n<div style=\"height:136px\" aria-hidden=\"true\" class=\"wp-block-spacer\"><\/div>\n\n\n\n<figure data-wp-context=\"{&quot;uploadedSrc&quot;:&quot;https:\\\/\\\/jademoulin.fr\\\/wp-content\\\/uploads\\\/2024\\\/03\\\/DSCF2934-1.jpg&quot;,&quot;figureClassNames&quot;:&quot;wp-block-image alignfull size-full&quot;,&quot;figureStyles&quot;:null,&quot;imgClassNames&quot;:&quot;wp-image-175&quot;,&quot;imgStyles&quot;:null,&quot;targetWidth&quot;:1800,&quot;targetHeight&quot;:1200,&quot;scaleAttr&quot;:false,&quot;ariaLabel&quot;:&quot;Agrandir l\\u2018image&quot;,&quot;alt&quot;:&quot;&quot;}\" data-wp-interactive=\"core\/image\" class=\"wp-block-image alignfull size-full wp-lightbox-container\"><img loading=\"lazy\" decoding=\"async\" width=\"1800\" height=\"1200\" data-wp-init=\"callbacks.setButtonStyles\" data-wp-on-async--click=\"actions.showLightbox\" data-wp-on-async--load=\"callbacks.setButtonStyles\" data-wp-on-async-window--resize=\"callbacks.setButtonStyles\" src=\"https:\/\/jademoulin.fr\/wp-content\/uploads\/2024\/03\/DSCF2934-1.jpg\" alt=\"\" class=\"wp-image-175\" srcset=\"https:\/\/jademoulin.fr\/wp-content\/uploads\/2024\/03\/DSCF2934-1.jpg 1800w, https:\/\/jademoulin.fr\/wp-content\/uploads\/2024\/03\/DSCF2934-1-300x200.jpg 300w, https:\/\/jademoulin.fr\/wp-content\/uploads\/2024\/03\/DSCF2934-1-1024x683.jpg 1024w, https:\/\/jademoulin.fr\/wp-content\/uploads\/2024\/03\/DSCF2934-1-768x512.jpg 768w, https:\/\/jademoulin.fr\/wp-content\/uploads\/2024\/03\/DSCF2934-1-1536x1024.jpg 1536w\" sizes=\"(max-width: 1800px) 100vw, 1800px\" \/><button\n\t\t\tclass=\"lightbox-trigger\"\n\t\t\ttype=\"button\"\n\t\t\taria-haspopup=\"dialog\"\n\t\t\taria-label=\"Agrandir l\u2018image\"\n\t\t\tdata-wp-init=\"callbacks.initTriggerButton\"\n\t\t\tdata-wp-on-async--click=\"actions.showLightbox\"\n\t\t\tdata-wp-style--right=\"context.imageButtonRight\"\n\t\t\tdata-wp-style--top=\"context.imageButtonTop\"\n\t\t>\n\t\t\t<svg xmlns=\"http:\/\/www.w3.org\/2000\/svg\" width=\"12\" height=\"12\" fill=\"none\" viewBox=\"0 0 12 12\">\n\t\t\t\t<path fill=\"#fff\" d=\"M2 0a2 2 0 0 0-2 2v2h1.5V2a.5.5 0 0 1 .5-.5h2V0H2Zm2 10.5H2a.5.5 0 0 1-.5-.5V8H0v2a2 2 0 0 0 2 2h2v-1.5ZM8 12v-1.5h2a.5.5 0 0 0 .5-.5V8H12v2a2 2 0 0 1-2 2H8Zm2-12a2 2 0 0 1 2 2v2h-1.5V2a.5.5 0 0 0-.5-.5H8V0h2Z\" \/>\n\t\t\t<\/svg>\n\t\t<\/button><figcaption class=\"wp-element-caption\">     Vue de l&rsquo;exposition <em>friches<\/em> au Radar espace d&rsquo;art actuel, Bayeux<\/figcaption><\/figure>\n\n\n\n<div style=\"height:100px\" aria-hidden=\"true\" class=\"wp-block-spacer\"><\/div>\n\n\n\n<figure class=\"wp-block-image alignwide size-full\"><img loading=\"lazy\" decoding=\"async\" width=\"1800\" height=\"1200\" src=\"https:\/\/jademoulin.fr\/wp-content\/uploads\/2024\/03\/DSCF2868-3.jpg\" alt=\"\" class=\"wp-image-176\" srcset=\"https:\/\/jademoulin.fr\/wp-content\/uploads\/2024\/03\/DSCF2868-3.jpg 1800w, https:\/\/jademoulin.fr\/wp-content\/uploads\/2024\/03\/DSCF2868-3-300x200.jpg 300w, https:\/\/jademoulin.fr\/wp-content\/uploads\/2024\/03\/DSCF2868-3-1024x683.jpg 1024w, https:\/\/jademoulin.fr\/wp-content\/uploads\/2024\/03\/DSCF2868-3-768x512.jpg 768w, https:\/\/jademoulin.fr\/wp-content\/uploads\/2024\/03\/DSCF2868-3-1536x1024.jpg 1536w\" sizes=\"(max-width: 1800px) 100vw, 1800px\" \/><\/figure>\n\n\n\n<div style=\"height:100px\" aria-hidden=\"true\" class=\"wp-block-spacer\"><\/div>\n\n\n\n<figure class=\"wp-block-image alignwide size-full\"><img loading=\"lazy\" decoding=\"async\" width=\"1800\" height=\"1200\" src=\"https:\/\/jademoulin.fr\/wp-content\/uploads\/2024\/03\/DSCF2724-5.jpg\" alt=\"\" class=\"wp-image-177\" srcset=\"https:\/\/jademoulin.fr\/wp-content\/uploads\/2024\/03\/DSCF2724-5.jpg 1800w, https:\/\/jademoulin.fr\/wp-content\/uploads\/2024\/03\/DSCF2724-5-300x200.jpg 300w, https:\/\/jademoulin.fr\/wp-content\/uploads\/2024\/03\/DSCF2724-5-1024x683.jpg 1024w, https:\/\/jademoulin.fr\/wp-content\/uploads\/2024\/03\/DSCF2724-5-768x512.jpg 768w, https:\/\/jademoulin.fr\/wp-content\/uploads\/2024\/03\/DSCF2724-5-1536x1024.jpg 1536w\" sizes=\"(max-width: 1800px) 100vw, 1800px\" \/><\/figure>\n\n\n\n<div style=\"height:100px\" aria-hidden=\"true\" class=\"wp-block-spacer\"><\/div>\n\n\n\n<figure class=\"wp-block-image alignwide size-full\"><img loading=\"lazy\" decoding=\"async\" width=\"1800\" height=\"1200\" src=\"https:\/\/jademoulin.fr\/wp-content\/uploads\/2024\/03\/DSCF2732-1.jpg\" alt=\"\" class=\"wp-image-178\" srcset=\"https:\/\/jademoulin.fr\/wp-content\/uploads\/2024\/03\/DSCF2732-1.jpg 1800w, https:\/\/jademoulin.fr\/wp-content\/uploads\/2024\/03\/DSCF2732-1-300x200.jpg 300w, https:\/\/jademoulin.fr\/wp-content\/uploads\/2024\/03\/DSCF2732-1-1024x683.jpg 1024w, https:\/\/jademoulin.fr\/wp-content\/uploads\/2024\/03\/DSCF2732-1-768x512.jpg 768w, https:\/\/jademoulin.fr\/wp-content\/uploads\/2024\/03\/DSCF2732-1-1536x1024.jpg 1536w\" sizes=\"(max-width: 1800px) 100vw, 1800px\" \/><\/figure>\n\n\n\n<div style=\"height:100px\" aria-hidden=\"true\" class=\"wp-block-spacer\"><\/div>\n\n\n\n<figure class=\"wp-block-image alignwide size-full\"><img loading=\"lazy\" decoding=\"async\" width=\"1800\" height=\"1200\" src=\"https:\/\/jademoulin.fr\/wp-content\/uploads\/2024\/03\/DSCF2936-2.jpg\" alt=\"\" class=\"wp-image-179\" srcset=\"https:\/\/jademoulin.fr\/wp-content\/uploads\/2024\/03\/DSCF2936-2.jpg 1800w, https:\/\/jademoulin.fr\/wp-content\/uploads\/2024\/03\/DSCF2936-2-300x200.jpg 300w, https:\/\/jademoulin.fr\/wp-content\/uploads\/2024\/03\/DSCF2936-2-1024x683.jpg 1024w, https:\/\/jademoulin.fr\/wp-content\/uploads\/2024\/03\/DSCF2936-2-768x512.jpg 768w, https:\/\/jademoulin.fr\/wp-content\/uploads\/2024\/03\/DSCF2936-2-1536x1024.jpg 1536w\" sizes=\"(max-width: 1800px) 100vw, 1800px\" \/><\/figure>\n\n\n\n<div style=\"height:100px\" aria-hidden=\"true\" class=\"wp-block-spacer\"><\/div>\n\n\n\n<figure class=\"wp-block-image alignwide size-full\"><img loading=\"lazy\" decoding=\"async\" width=\"1800\" height=\"1200\" src=\"https:\/\/jademoulin.fr\/wp-content\/uploads\/2024\/03\/DSCF2736-1.jpg\" alt=\"\" class=\"wp-image-180\" srcset=\"https:\/\/jademoulin.fr\/wp-content\/uploads\/2024\/03\/DSCF2736-1.jpg 1800w, https:\/\/jademoulin.fr\/wp-content\/uploads\/2024\/03\/DSCF2736-1-300x200.jpg 300w, https:\/\/jademoulin.fr\/wp-content\/uploads\/2024\/03\/DSCF2736-1-1024x683.jpg 1024w, https:\/\/jademoulin.fr\/wp-content\/uploads\/2024\/03\/DSCF2736-1-768x512.jpg 768w, https:\/\/jademoulin.fr\/wp-content\/uploads\/2024\/03\/DSCF2736-1-1536x1024.jpg 1536w\" sizes=\"(max-width: 1800px) 100vw, 1800px\" \/><\/figure>\n\n\n\n<div style=\"height:100px\" aria-hidden=\"true\" class=\"wp-block-spacer\"><\/div>\n\n\n\n<figure class=\"wp-block-image alignwide size-full\"><img loading=\"lazy\" decoding=\"async\" width=\"1800\" height=\"1200\" src=\"https:\/\/jademoulin.fr\/wp-content\/uploads\/2024\/03\/DSCF2948_2-2-3.jpg\" alt=\"\" class=\"wp-image-181\" srcset=\"https:\/\/jademoulin.fr\/wp-content\/uploads\/2024\/03\/DSCF2948_2-2-3.jpg 1800w, https:\/\/jademoulin.fr\/wp-content\/uploads\/2024\/03\/DSCF2948_2-2-3-300x200.jpg 300w, https:\/\/jademoulin.fr\/wp-content\/uploads\/2024\/03\/DSCF2948_2-2-3-1024x683.jpg 1024w, https:\/\/jademoulin.fr\/wp-content\/uploads\/2024\/03\/DSCF2948_2-2-3-768x512.jpg 768w, https:\/\/jademoulin.fr\/wp-content\/uploads\/2024\/03\/DSCF2948_2-2-3-1536x1024.jpg 1536w\" sizes=\"(max-width: 1800px) 100vw, 1800px\" \/><\/figure>\n\n\n\n<div style=\"height:100px\" aria-hidden=\"true\" class=\"wp-block-spacer\"><\/div>\n\n\n\n<figure class=\"wp-block-image alignwide size-full\"><img loading=\"lazy\" decoding=\"async\" width=\"1800\" height=\"1177\" src=\"https:\/\/jademoulin.fr\/wp-content\/uploads\/2024\/03\/DSCF2795-3.jpeg\" alt=\"\" class=\"wp-image-182\" srcset=\"https:\/\/jademoulin.fr\/wp-content\/uploads\/2024\/03\/DSCF2795-3.jpeg 1800w, https:\/\/jademoulin.fr\/wp-content\/uploads\/2024\/03\/DSCF2795-3-300x196.jpeg 300w, https:\/\/jademoulin.fr\/wp-content\/uploads\/2024\/03\/DSCF2795-3-1024x670.jpeg 1024w, https:\/\/jademoulin.fr\/wp-content\/uploads\/2024\/03\/DSCF2795-3-768x502.jpeg 768w, https:\/\/jademoulin.fr\/wp-content\/uploads\/2024\/03\/DSCF2795-3-1536x1004.jpeg 1536w\" sizes=\"(max-width: 1800px) 100vw, 1800px\" \/><\/figure>\n\n\n\n<div style=\"height:100px\" aria-hidden=\"true\" class=\"wp-block-spacer\"><\/div>\n\n\n\n<figure class=\"wp-block-image alignwide size-full\"><img loading=\"lazy\" decoding=\"async\" width=\"1800\" height=\"1200\" src=\"https:\/\/jademoulin.fr\/wp-content\/uploads\/2024\/03\/DSCF2866-2-2.jpg\" alt=\"\" class=\"wp-image-183\" srcset=\"https:\/\/jademoulin.fr\/wp-content\/uploads\/2024\/03\/DSCF2866-2-2.jpg 1800w, https:\/\/jademoulin.fr\/wp-content\/uploads\/2024\/03\/DSCF2866-2-2-300x200.jpg 300w, https:\/\/jademoulin.fr\/wp-content\/uploads\/2024\/03\/DSCF2866-2-2-1024x683.jpg 1024w, https:\/\/jademoulin.fr\/wp-content\/uploads\/2024\/03\/DSCF2866-2-2-768x512.jpg 768w, https:\/\/jademoulin.fr\/wp-content\/uploads\/2024\/03\/DSCF2866-2-2-1536x1024.jpg 1536w\" sizes=\"(max-width: 1800px) 100vw, 1800px\" \/><\/figure>\n\n\n\n<div style=\"height:100px\" aria-hidden=\"true\" class=\"wp-block-spacer\"><\/div>\n\n\n\n<figure class=\"wp-block-image alignwide size-full\"><img loading=\"lazy\" decoding=\"async\" width=\"1800\" height=\"1200\" src=\"https:\/\/jademoulin.fr\/wp-content\/uploads\/2024\/03\/DSCF2900-4.jpg\" alt=\"\" class=\"wp-image-184\" srcset=\"https:\/\/jademoulin.fr\/wp-content\/uploads\/2024\/03\/DSCF2900-4.jpg 1800w, https:\/\/jademoulin.fr\/wp-content\/uploads\/2024\/03\/DSCF2900-4-300x200.jpg 300w, https:\/\/jademoulin.fr\/wp-content\/uploads\/2024\/03\/DSCF2900-4-1024x683.jpg 1024w, https:\/\/jademoulin.fr\/wp-content\/uploads\/2024\/03\/DSCF2900-4-768x512.jpg 768w, https:\/\/jademoulin.fr\/wp-content\/uploads\/2024\/03\/DSCF2900-4-1536x1024.jpg 1536w\" sizes=\"(max-width: 1800px) 100vw, 1800px\" \/><\/figure>\n\n\n\n<div style=\"height:300px\" aria-hidden=\"true\" class=\"wp-block-spacer\"><\/div>\n\n\n\n<h5 class=\"wp-block-heading alignwide has-large-font-size\" style=\"line-height:1.2\"><em>Le sentiment de l&rsquo;\u00e9t\u00e9<\/em> regroupe un ensemble de dessins sur c\u00e9ramique faisant \u00e9cho \u00e0 des ambiances et situations rencontr\u00e9es au retour des beaux jours. Cette s\u00e9rie refl\u00e9te des instants d&rsquo;observation intime, des paysages baign\u00e9s de soleil, des sc\u00e8nes de nature morte, ou des d\u00e9tails fugaces comme des ombres port\u00e9es ou le mouvement l\u00e9ger du vent, nous invitant \u00e0 une immersion dans une temporalit\u00e9 lente, o\u00f9 l&rsquo;on prend le temps de savourer chaque sensation et chaque rencontre avec l\u2019environnement.<br><br><br><\/h5>\n\n\n\n<figure class=\"wp-block-gallery alignwide has-nested-images columns-default is-cropped wp-block-gallery-2 is-layout-flex wp-block-gallery-is-layout-flex\">\n<figure class=\"wp-block-image size-large\"><img loading=\"lazy\" decoding=\"async\" width=\"683\" height=\"1024\" data-id=\"591\" src=\"https:\/\/jademoulin.fr\/wp-content\/uploads\/2025\/01\/DSCF5327_2-683x1024.jpg\" alt=\"\" class=\"wp-image-591\" srcset=\"https:\/\/jademoulin.fr\/wp-content\/uploads\/2025\/01\/DSCF5327_2-683x1024.jpg 683w, https:\/\/jademoulin.fr\/wp-content\/uploads\/2025\/01\/DSCF5327_2-200x300.jpg 200w, https:\/\/jademoulin.fr\/wp-content\/uploads\/2025\/01\/DSCF5327_2-768x1152.jpg 768w, https:\/\/jademoulin.fr\/wp-content\/uploads\/2025\/01\/DSCF5327_2-1024x1536.jpg 1024w, https:\/\/jademoulin.fr\/wp-content\/uploads\/2025\/01\/DSCF5327_2-1365x2048.jpg 1365w, https:\/\/jademoulin.fr\/wp-content\/uploads\/2025\/01\/DSCF5327_2-scaled.jpg 1707w\" sizes=\"(max-width: 683px) 100vw, 683px\" \/><\/figure>\n\n\n\n<figure class=\"wp-block-image size-large\"><img loading=\"lazy\" decoding=\"async\" width=\"683\" height=\"1024\" data-id=\"594\" src=\"https:\/\/jademoulin.fr\/wp-content\/uploads\/2025\/01\/DSCF5279-683x1024.jpg\" alt=\"\" class=\"wp-image-594\" srcset=\"https:\/\/jademoulin.fr\/wp-content\/uploads\/2025\/01\/DSCF5279-683x1024.jpg 683w, https:\/\/jademoulin.fr\/wp-content\/uploads\/2025\/01\/DSCF5279-200x300.jpg 200w, https:\/\/jademoulin.fr\/wp-content\/uploads\/2025\/01\/DSCF5279-768x1152.jpg 768w, https:\/\/jademoulin.fr\/wp-content\/uploads\/2025\/01\/DSCF5279-1024x1536.jpg 1024w, https:\/\/jademoulin.fr\/wp-content\/uploads\/2025\/01\/DSCF5279-1365x2048.jpg 1365w, https:\/\/jademoulin.fr\/wp-content\/uploads\/2025\/01\/DSCF5279-scaled.jpg 1707w\" sizes=\"(max-width: 683px) 100vw, 683px\" \/><\/figure>\n<\/figure>\n\n\n\n<figure class=\"wp-block-image alignwide size-large\"><img loading=\"lazy\" decoding=\"async\" width=\"1024\" height=\"682\" src=\"https:\/\/jademoulin.fr\/wp-content\/uploads\/2025\/01\/IMG_3748-1024x682.jpg\" alt=\"\" class=\"wp-image-592\" srcset=\"https:\/\/jademoulin.fr\/wp-content\/uploads\/2025\/01\/IMG_3748-1024x682.jpg 1024w, https:\/\/jademoulin.fr\/wp-content\/uploads\/2025\/01\/IMG_3748-300x200.jpg 300w, https:\/\/jademoulin.fr\/wp-content\/uploads\/2025\/01\/IMG_3748-768x512.jpg 768w, https:\/\/jademoulin.fr\/wp-content\/uploads\/2025\/01\/IMG_3748-1536x1024.jpg 1536w, https:\/\/jademoulin.fr\/wp-content\/uploads\/2025\/01\/IMG_3748-2048x1365.jpg 2048w\" sizes=\"(max-width: 1024px) 100vw, 1024px\" \/><figcaption class=\"wp-element-caption\"><em>le sentiment de l&rsquo;\u00e9t\u00e9<\/em>, fa\u00efence \u00e9maill\u00e9e dessin\u00e9e, 19x23cm, 2024<\/figcaption><\/figure>\n\n\n\n<p><\/p>\n\n\n\n<figure class=\"wp-block-gallery alignwide has-nested-images columns-default is-cropped wp-block-gallery-3 is-layout-flex wp-block-gallery-is-layout-flex\">\n<figure class=\"wp-block-image size-large\"><img loading=\"lazy\" decoding=\"async\" width=\"683\" height=\"1024\" data-id=\"599\" src=\"https:\/\/jademoulin.fr\/wp-content\/uploads\/2025\/01\/DSCF5285_23-2-683x1024.jpg\" alt=\"\" class=\"wp-image-599\" srcset=\"https:\/\/jademoulin.fr\/wp-content\/uploads\/2025\/01\/DSCF5285_23-2-683x1024.jpg 683w, https:\/\/jademoulin.fr\/wp-content\/uploads\/2025\/01\/DSCF5285_23-2-200x300.jpg 200w, https:\/\/jademoulin.fr\/wp-content\/uploads\/2025\/01\/DSCF5285_23-2-768x1152.jpg 768w, https:\/\/jademoulin.fr\/wp-content\/uploads\/2025\/01\/DSCF5285_23-2-1024x1536.jpg 1024w, https:\/\/jademoulin.fr\/wp-content\/uploads\/2025\/01\/DSCF5285_23-2-1365x2048.jpg 1365w, https:\/\/jademoulin.fr\/wp-content\/uploads\/2025\/01\/DSCF5285_23-2-scaled.jpg 1706w\" sizes=\"(max-width: 683px) 100vw, 683px\" \/><\/figure>\n\n\n\n<figure class=\"wp-block-image size-large\"><img loading=\"lazy\" decoding=\"async\" width=\"683\" height=\"1024\" data-id=\"601\" src=\"https:\/\/jademoulin.fr\/wp-content\/uploads\/2025\/01\/DSCF5229-683x1024.jpg\" alt=\"\" class=\"wp-image-601\" srcset=\"https:\/\/jademoulin.fr\/wp-content\/uploads\/2025\/01\/DSCF5229-683x1024.jpg 683w, https:\/\/jademoulin.fr\/wp-content\/uploads\/2025\/01\/DSCF5229-200x300.jpg 200w, https:\/\/jademoulin.fr\/wp-content\/uploads\/2025\/01\/DSCF5229-768x1152.jpg 768w, https:\/\/jademoulin.fr\/wp-content\/uploads\/2025\/01\/DSCF5229-1024x1536.jpg 1024w, https:\/\/jademoulin.fr\/wp-content\/uploads\/2025\/01\/DSCF5229-1365x2048.jpg 1365w, https:\/\/jademoulin.fr\/wp-content\/uploads\/2025\/01\/DSCF5229-scaled.jpg 1707w\" sizes=\"(max-width: 683px) 100vw, 683px\" \/><\/figure>\n<\/figure>\n\n\n\n<p><\/p>\n\n\n\n<div style=\"height:225px\" aria-hidden=\"true\" class=\"wp-block-spacer\"><\/div>\n\n\n\n<h5 class=\"wp-block-heading alignwide has-large-font-size\" style=\"line-height:1.2\"><em>Zestes<\/em> pr\u00e9sente des c\u00e9ramiques et peintures de Jade Moulin, versions populaires et actuelles du th\u00e8me de la nature morte. L&rsquo;artiste s&rsquo;int\u00e9resse aux instants de plaisir oculaire fournis par la vraie vie. Ses peintures sont autant de zooms sur des d\u00e9tails d&rsquo;un r\u00e9el sans pr\u00e9tention. Les contenants, l&rsquo;alimentaire et les plantes en pot sont des images r\u00e9currentes de son travail. Leur c\u00f4t\u00e9 trivial disparait sous l&rsquo;effet des cadrages qu&rsquo;elle propose, plans serr\u00e9s qui c\u00e9l\u00e8brent leur anti-h\u00e9ro\u00efsme. Ces arr\u00eats sur image lui offrent autant d&rsquo;occasion de travailler les alternances de pleins et de vides, les plis, et rel\u00e2ch\u00e9s, ainsi que les reflets et les transparences. Une po\u00e9tique de la rencontre et de l&rsquo;attente infuse.<\/h5>\n\n\n\n<blockquote class=\"wp-block-quote is-layout-flow wp-block-quote-is-layout-flow\">\n<p class=\"has-text-align-right has-medium-font-size\"><em>Marie Pleintel<\/em><\/p>\n<\/blockquote>\n\n\n\n<figure class=\"wp-block-image alignwide size-large\"><img loading=\"lazy\" decoding=\"async\" width=\"1024\" height=\"683\" src=\"https:\/\/jademoulin.fr\/wp-content\/uploads\/2024\/03\/3-1-1024x683.jpg\" alt=\"\" class=\"wp-image-164\" srcset=\"https:\/\/jademoulin.fr\/wp-content\/uploads\/2024\/03\/3-1-1024x683.jpg 1024w, https:\/\/jademoulin.fr\/wp-content\/uploads\/2024\/03\/3-1-300x200.jpg 300w, https:\/\/jademoulin.fr\/wp-content\/uploads\/2024\/03\/3-1-768x512.jpg 768w, https:\/\/jademoulin.fr\/wp-content\/uploads\/2024\/03\/3-1-1536x1024.jpg 1536w, https:\/\/jademoulin.fr\/wp-content\/uploads\/2024\/03\/3-1.jpg 1800w\" sizes=\"(max-width: 1024px) 100vw, 1024px\" \/><figcaption class=\"wp-element-caption\">Vue de l&rsquo;exposition ZESTES, Le ravitaillement, Gavray<\/figcaption><\/figure>\n\n\n\n<div style=\"height:100px\" aria-hidden=\"true\" class=\"wp-block-spacer\"><\/div>\n\n\n\n<figure class=\"wp-block-image alignright size-large\"><img loading=\"lazy\" decoding=\"async\" width=\"683\" height=\"1024\" src=\"https:\/\/jademoulin.fr\/wp-content\/uploads\/2024\/03\/DSCF0024-2-683x1024.jpg\" alt=\"\" class=\"wp-image-167\" srcset=\"https:\/\/jademoulin.fr\/wp-content\/uploads\/2024\/03\/DSCF0024-2-683x1024.jpg 683w, https:\/\/jademoulin.fr\/wp-content\/uploads\/2024\/03\/DSCF0024-2-200x300.jpg 200w, https:\/\/jademoulin.fr\/wp-content\/uploads\/2024\/03\/DSCF0024-2-768x1152.jpg 768w, https:\/\/jademoulin.fr\/wp-content\/uploads\/2024\/03\/DSCF0024-2-1024x1536.jpg 1024w, https:\/\/jademoulin.fr\/wp-content\/uploads\/2024\/03\/DSCF0024-2-1365x2048.jpg 1365w, https:\/\/jademoulin.fr\/wp-content\/uploads\/2024\/03\/DSCF0024-2-scaled.jpg 1707w\" sizes=\"(max-width: 683px) 100vw, 683px\" \/><\/figure>\n\n\n\n<div style=\"height:211px\" aria-hidden=\"true\" class=\"wp-block-spacer\"><\/div>\n\n\n\n<p><\/p>\n\n\n\n<figure class=\"wp-block-image alignleft size-large\"><img loading=\"lazy\" decoding=\"async\" width=\"683\" height=\"1024\" src=\"https:\/\/jademoulin.fr\/wp-content\/uploads\/2024\/03\/DSCF0014-2-683x1024.jpg\" alt=\"\" class=\"wp-image-169\" srcset=\"https:\/\/jademoulin.fr\/wp-content\/uploads\/2024\/03\/DSCF0014-2-683x1024.jpg 683w, https:\/\/jademoulin.fr\/wp-content\/uploads\/2024\/03\/DSCF0014-2-200x300.jpg 200w, https:\/\/jademoulin.fr\/wp-content\/uploads\/2024\/03\/DSCF0014-2-768x1152.jpg 768w, https:\/\/jademoulin.fr\/wp-content\/uploads\/2024\/03\/DSCF0014-2-1024x1536.jpg 1024w, https:\/\/jademoulin.fr\/wp-content\/uploads\/2024\/03\/DSCF0014-2-1365x2048.jpg 1365w, https:\/\/jademoulin.fr\/wp-content\/uploads\/2024\/03\/DSCF0014-2-scaled.jpg 1707w\" sizes=\"(max-width: 683px) 100vw, 683px\" \/><\/figure>\n\n\n\n<div style=\"height:233px\" aria-hidden=\"true\" class=\"wp-block-spacer\"><\/div>\n\n\n\n<figure class=\"wp-block-image alignwide size-large\"><img loading=\"lazy\" decoding=\"async\" width=\"683\" height=\"1024\" src=\"https:\/\/jademoulin.fr\/wp-content\/uploads\/2024\/03\/DSCF9992-683x1024.jpg\" alt=\"\" class=\"wp-image-170\" srcset=\"https:\/\/jademoulin.fr\/wp-content\/uploads\/2024\/03\/DSCF9992-683x1024.jpg 683w, https:\/\/jademoulin.fr\/wp-content\/uploads\/2024\/03\/DSCF9992-200x300.jpg 200w, https:\/\/jademoulin.fr\/wp-content\/uploads\/2024\/03\/DSCF9992-768x1152.jpg 768w, https:\/\/jademoulin.fr\/wp-content\/uploads\/2024\/03\/DSCF9992-1024x1536.jpg 1024w, https:\/\/jademoulin.fr\/wp-content\/uploads\/2024\/03\/DSCF9992-1365x2048.jpg 1365w, https:\/\/jademoulin.fr\/wp-content\/uploads\/2024\/03\/DSCF9992-scaled.jpg 1707w\" sizes=\"(max-width: 683px) 100vw, 683px\" \/><\/figure>\n","protected":false},"excerpt":{"rendered":"<p>friches est une installation issue d&rsquo;une d\u00e9ambulation dans un paysage nocturne. Devant nous se d\u00e9ploie une prairie saisie dans l&rsquo;obscurit\u00e9 visible par fragments sur ces carreaux de fa\u00efence. Comme pour canaliser notre attention, cette image d&rsquo;un paysage presque infini, \u00e0 perte de vue, s&rsquo;offre \u00e0 nous en donnant \u00e0 voir des d\u00e9tails de ce paysage [&hellip;]<\/p>\n","protected":false},"author":1,"featured_media":0,"parent":0,"menu_order":0,"comment_status":"closed","ping_status":"closed","template":"page-no-title","meta":{"footnotes":""},"class_list":["post-141","page","type-page","status-publish","hentry"],"_links":{"self":[{"href":"https:\/\/jademoulin.fr\/index.php?rest_route=\/wp\/v2\/pages\/141"}],"collection":[{"href":"https:\/\/jademoulin.fr\/index.php?rest_route=\/wp\/v2\/pages"}],"about":[{"href":"https:\/\/jademoulin.fr\/index.php?rest_route=\/wp\/v2\/types\/page"}],"author":[{"embeddable":true,"href":"https:\/\/jademoulin.fr\/index.php?rest_route=\/wp\/v2\/users\/1"}],"replies":[{"embeddable":true,"href":"https:\/\/jademoulin.fr\/index.php?rest_route=%2Fwp%2Fv2%2Fcomments&post=141"}],"version-history":[{"count":14,"href":"https:\/\/jademoulin.fr\/index.php?rest_route=\/wp\/v2\/pages\/141\/revisions"}],"predecessor-version":[{"id":881,"href":"https:\/\/jademoulin.fr\/index.php?rest_route=\/wp\/v2\/pages\/141\/revisions\/881"}],"wp:attachment":[{"href":"https:\/\/jademoulin.fr\/index.php?rest_route=%2Fwp%2Fv2%2Fmedia&parent=141"}],"curies":[{"name":"wp","href":"https:\/\/api.w.org\/{rel}","templated":true}]}}